{"id":229,"date":"2026-03-13T19:43:30","date_gmt":"2026-03-13T19:43:30","guid":{"rendered":"https:\/\/bencogroup.com.py\/?page_id=229"},"modified":"2026-04-13T19:15:04","modified_gmt":"2026-04-13T19:15:04","slug":"nosotros","status":"publish","type":"page","link":"https:\/\/bencogroup.com.py\/index.php\/nosotros\/","title":{"rendered":"Nosotros"},"content":{"rendered":"\t\t<div data-elementor-type=\"wp-page\" data-elementor-id=\"229\" class=\"elementor elementor-229\">\n\t\t\t\t<div class=\"elementor-element elementor-element-418d9b1 e-con-full animated-slow e-flex elementor-invisible e-con e-parent\" data-id=\"418d9b1\" data-element_type=\"container\" data-e-type=\"container\" data-settings=\"{&quot;animation&quot;:&quot;slideInUp&quot;,&quot;animation_delay&quot;:100}\">\n\t\t\t\t<div class=\"elementor-element elementor-element-07f1264 elementor-widget elementor-widget-image\" data-id=\"07f1264\" data-element_type=\"widget\" data-e-type=\"widget\" data-widget_type=\"image.default\">\n\t\t\t\t\t\t\t\t\t\t\t\t\t\t\t<img fetchpriority=\"high\" decoding=\"async\" width=\"768\" height=\"512\" src=\"https:\/\/bencogroup.com.py\/wp-content\/uploads\/2026\/03\/WhatsApp-Image-2026-03-13-at-10.28.14-768x512.jpeg\" class=\"attachment-medium_large size-medium_large wp-image-217\" alt=\"\" srcset=\"https:\/\/bencogroup.com.py\/wp-content\/uploads\/2026\/03\/WhatsApp-Image-2026-03-13-at-10.28.14-768x512.jpeg 768w, https:\/\/bencogroup.com.py\/wp-content\/uploads\/2026\/03\/WhatsApp-Image-2026-03-13-at-10.28.14-600x400.jpeg 600w, https:\/\/bencogroup.com.py\/wp-content\/uploads\/2026\/03\/WhatsApp-Image-2026-03-13-at-10.28.14-300x200.jpeg 300w, https:\/\/bencogroup.com.py\/wp-content\/uploads\/2026\/03\/WhatsApp-Image-2026-03-13-at-10.28.14-1024x683.jpeg 1024w, https:\/\/bencogroup.com.py\/wp-content\/uploads\/2026\/03\/WhatsApp-Image-2026-03-13-at-10.28.14-18x12.jpeg 18w, https:\/\/bencogroup.com.py\/wp-content\/uploads\/2026\/03\/WhatsApp-Image-2026-03-13-at-10.28.14-1170x780.jpeg 1170w, https:\/\/bencogroup.com.py\/wp-content\/uploads\/2026\/03\/WhatsApp-Image-2026-03-13-at-10.28.14-1320x880.jpeg 1320w, https:\/\/bencogroup.com.py\/wp-content\/uploads\/2026\/03\/WhatsApp-Image-2026-03-13-at-10.28.14.jpeg 1536w\" sizes=\"(max-width: 768px) 100vw, 768px\" \/>\t\t\t\t\t\t\t\t\t\t\t\t\t\t\t<\/div>\n\t\t\t\t<\/div>\n\t\t<div class=\"elementor-element elementor-element-6fd6072 e-flex e-con-boxed elementor-invisible e-con e-parent\" data-id=\"6fd6072\" data-element_type=\"container\" data-e-type=\"container\" data-settings=\"{&quot;animation&quot;:&quot;slideInUp&quot;}\">\n\t\t\t\t\t<div class=\"e-con-inner\">\n\t\t\t\t<div class=\"elementor-element elementor-element-461ef6a elementor-widget elementor-widget-text-editor\" data-id=\"461ef6a\" data-element_type=\"widget\" data-e-type=\"widget\" data-widget_type=\"text-editor.default\">\n\t\t\t\t\t\t\t\t\t<p>En <strong data-start=\"393\" data-end=\"434\"><span class=\"hover:entity-accent entity-underline inline cursor-pointer align-baseline\"><span class=\"whitespace-normal\">Benco Group S.R.L.<\/span><\/span><\/strong>, nacimos con el objetivo de ofrecer soluciones confiables y de alta calidad en el sector del vidrio templado. Desde nuestros inicios, hemos apostado por la mejora continua, la incorporaci\u00f3n de tecnolog\u00eda y el desarrollo de un equipo comprometido con la excelencia.<\/p>\t\t\t\t\t\t\t\t<\/div>\n\t\t\t\t\t<\/div>\n\t\t\t\t<\/div>\n\t\t<div class=\"elementor-element elementor-element-e108690 e-grid e-con-boxed e-con e-parent\" data-id=\"e108690\" data-element_type=\"container\" data-e-type=\"container\">\n\t\t\t\t\t<div class=\"e-con-inner\">\n\t\t\t\t<div class=\"elementor-element elementor-element-fb39d05 elementor-widget elementor-widget-image\" data-id=\"fb39d05\" data-element_type=\"widget\" data-e-type=\"widget\" data-widget_type=\"image.default\">\n\t\t\t\t\t\t\t\t\t\t\t\t\t\t\t<img decoding=\"async\" width=\"1024\" height=\"683\" src=\"https:\/\/bencogroup.com.py\/wp-content\/uploads\/2026\/04\/WhatsApp-Image-2026-03-17-at-13.38.55-1024x683.jpeg\" class=\"attachment-large size-large wp-image-359\" alt=\"\" srcset=\"https:\/\/bencogroup.com.py\/wp-content\/uploads\/2026\/04\/WhatsApp-Image-2026-03-17-at-13.38.55-1024x683.jpeg 1024w, https:\/\/bencogroup.com.py\/wp-content\/uploads\/2026\/04\/WhatsApp-Image-2026-03-17-at-13.38.55-300x200.jpeg 300w, https:\/\/bencogroup.com.py\/wp-content\/uploads\/2026\/04\/WhatsApp-Image-2026-03-17-at-13.38.55-768x512.jpeg 768w, https:\/\/bencogroup.com.py\/wp-content\/uploads\/2026\/04\/WhatsApp-Image-2026-03-17-at-13.38.55-18x12.jpeg 18w, https:\/\/bencogroup.com.py\/wp-content\/uploads\/2026\/04\/WhatsApp-Image-2026-03-17-at-13.38.55-1170x780.jpeg 1170w, https:\/\/bencogroup.com.py\/wp-content\/uploads\/2026\/04\/WhatsApp-Image-2026-03-17-at-13.38.55-1320x880.jpeg 1320w, https:\/\/bencogroup.com.py\/wp-content\/uploads\/2026\/04\/WhatsApp-Image-2026-03-17-at-13.38.55-600x400.jpeg 600w, https:\/\/bencogroup.com.py\/wp-content\/uploads\/2026\/04\/WhatsApp-Image-2026-03-17-at-13.38.55.jpeg 1536w\" sizes=\"(max-width: 1024px) 100vw, 1024px\" \/>\t\t\t\t\t\t\t\t\t\t\t\t\t\t\t<\/div>\n\t\t\t\t<div class=\"elementor-element elementor-element-6d2ccb2 elementor-widget elementor-widget-text-editor\" data-id=\"6d2ccb2\" data-element_type=\"widget\" data-e-type=\"widget\" data-widget_type=\"text-editor.default\">\n\t\t\t\t\t\t\t\t\t<p>Como grupo, integramos nuestras capacidades a trav\u00e9s de <strong data-start=\"628\" data-end=\"669\"><span class=\"hover:entity-accent entity-underline inline cursor-pointer align-baseline\"><span class=\"whitespace-normal\">Lobo Glass<\/span><\/span><\/strong>, nuestra f\u00e1brica especializada en vidrio templado, junto con la comercializaci\u00f3n de perfiles y herrajes desde Benco Group. Esta sinergia nos permite ofrecer un sistema completo, garantizando compatibilidad, precisi\u00f3n y resultados profesionales en cada proyecto.<br \/>A lo largo de nuestra trayectoria, hemos consolidado una base s\u00f3lida sustentada en la confianza, la mejora continua y el compromiso con nuestros clientes. Cada desarrollo refleja nuestra atenci\u00f3n al detalle, la calidad de los materiales y una ejecuci\u00f3n pensada para perdurar en el tiempo.<\/p>\t\t\t\t\t\t\t\t<\/div>\n\t\t\t\t\t<\/div>\n\t\t\t\t<\/div>\n\t\t<div class=\"elementor-element elementor-element-1a5b64d e-flex e-con-boxed e-con e-parent\" data-id=\"1a5b64d\" data-element_type=\"container\" data-e-type=\"container\">\n\t\t\t\t\t<div class=\"e-con-inner\">\n\t\t\t\t<div class=\"elementor-element elementor-element-e952c7b elementor-widget elementor-widget-text-editor\" data-id=\"e952c7b\" data-element_type=\"widget\" data-e-type=\"widget\" data-widget_type=\"text-editor.default\">\n\t\t\t\t\t\t\t\t\t<p data-start=\"933\" data-end=\"1221\">Nuestro compromiso con la excelencia se traduce en procesos eficientes, productos confiables y una visi\u00f3n orientada a la innovaci\u00f3n constante dentro del sector.<\/p>\t\t\t\t\t\t\t\t<\/div>\n\t\t\t\t\t<\/div>\n\t\t\t\t<\/div>\n\t\t<div class=\"elementor-element elementor-element-9523222 e-flex e-con-boxed e-con e-parent\" data-id=\"9523222\" data-element_type=\"container\" data-e-type=\"container\" data-settings=\"{&quot;background_background&quot;:&quot;gradient&quot;}\">\n\t\t\t\t\t<div class=\"e-con-inner\">\n\t\t\t\t<div class=\"elementor-element elementor-element-f980a20 elementor-widget elementor-widget-google_maps\" data-id=\"f980a20\" data-element_type=\"widget\" data-e-type=\"widget\" data-widget_type=\"google_maps.default\">\n\t\t\t\t\t\t\t<div class=\"elementor-custom-embed\">\n\t\t\t<iframe loading=\"lazy\"\n\t\t\t\t\tsrc=\"https:\/\/maps.google.com\/maps?q=Benco&#038;t=m&#038;z=10&#038;output=embed&#038;iwloc=near\"\n\t\t\t\t\ttitle=\"Benco\"\n\t\t\t\t\taria-label=\"Benco\"\n\t\t\t><\/iframe>\n\t\t<\/div>\n\t\t\t\t\t\t<\/div>\n\t\t\t\t\t<\/div>\n\t\t\t\t<\/div>\n\t\t<div class=\"elementor-element elementor-element-719f23c e-flex e-con-boxed e-con e-parent\" data-id=\"719f23c\" data-element_type=\"container\" data-e-type=\"container\">\n\t\t\t\t\t<div class=\"e-con-inner\">\n\t\t\t\t<div class=\"elementor-element elementor-element-767c0bb elementor-widget elementor-widget-text-editor\" data-id=\"767c0bb\" data-element_type=\"widget\" data-e-type=\"widget\" data-widget_type=\"text-editor.default\">\n\t\t\t\t\t\t\t\t\t<p>Con presencia en todo <strong data-start=\"1407\" data-end=\"1448\"><span class=\"hover:entity-accent entity-underline inline cursor-pointer align-baseline\"><span class=\"whitespace-normal\">Paraguay<\/span><\/span><\/strong>, contamos con la capacidad de acompa\u00f1ar proyectos en todo el territorio nacional, adapt\u00e1ndonos a las necesidades espec\u00edficas de cada cliente y garantizando un servicio cercano y profesional.<\/p>\t\t\t\t\t\t\t\t<\/div>\n\t\t\t\t\t<\/div>\n\t\t\t\t<\/div>\n\t\t\t\t<section class=\"elementor-section elementor-top-section elementor-element elementor-element-362be972 elementor-section-content-middle elementor-section-boxed elementor-section-height-default elementor-section-height-default\" data-id=\"362be972\" data-element_type=\"section\" data-e-type=\"section\" data-settings=\"{&quot;background_background&quot;:&quot;classic&quot;}\">\n\t\t\t\t\t\t\t<div class=\"elementor-background-overlay\"><\/div>\n\t\t\t\t\t\t\t<div class=\"elementor-container elementor-column-gap-no\">\n\t\t\t\t\t<div class=\"elementor-column elementor-col-50 elementor-top-column elementor-element elementor-element-74d9b51b\" data-id=\"74d9b51b\" data-element_type=\"column\" data-e-type=\"column\">\n\t\t\t<div class=\"elementor-widget-wrap elementor-element-populated\">\n\t\t\t\t\t\t<div class=\"elementor-element elementor-element-3b4700ae elementor-invisible elementor-widget elementor-widget-heading\" data-id=\"3b4700ae\" data-element_type=\"widget\" data-e-type=\"widget\" data-settings=\"{&quot;_animation&quot;:&quot;fadeInLeft&quot;}\" data-widget_type=\"heading.default\">\n\t\t\t\t\t<h2 class=\"elementor-heading-title elementor-size-default\"><div style=\"max-width: 700px;margin: 0 auto\">\n\n  <h2 style=\"font-family: 'DM Sans', sans-serif;font-size: 32px;font-weight: 700;color: #373547;text-align: left;margin-bottom: 10px\">\n    Nuestros trabajos, nuestra garant\u00eda.\n  <\/h2>\n\n  <p style=\"font-family: 'DM Sans', sans-serif;font-size: 18px;font-weight: 400;color: #373547;line-height: 1.6;text-align: left;margin: 0\">\n    Nos enorgullece ser parte de cada proyecto, ofreciendo soluciones que combinan dise\u00f1o, seguridad y funcionalidad.\n  <\/p>\n\n<\/div><\/h2>\t\t\t\t<\/div>\n\t\t\t\t\t<\/div>\n\t\t<\/div>\n\t\t\t\t<div class=\"elementor-column elementor-col-50 elementor-top-column elementor-element elementor-element-60cb4c47 elementor-invisible\" data-id=\"60cb4c47\" data-element_type=\"column\" data-e-type=\"column\" data-settings=\"{&quot;animation&quot;:&quot;slideInLeft&quot;}\">\n\t\t\t<div class=\"elementor-widget-wrap elementor-element-populated\">\n\t\t\t\t\t\t<div class=\"elementor-element elementor-element-0f50e05 gallery-spacing-custom elementor-widget elementor-widget-image-gallery\" data-id=\"0f50e05\" data-element_type=\"widget\" data-e-type=\"widget\" data-widget_type=\"image-gallery.default\">\n\t\t\t\t\t\t\t<div class=\"elementor-image-gallery\">\n\t\t\t<div id='gallery-1' class='gallery galleryid-229 gallery-columns-3 gallery-size-thumbnail'><figure class='gallery-item'>\n\t\t\t<div class='gallery-icon landscape'>\n\t\t\t\t<a data-elementor-open-lightbox=\"yes\" data-elementor-lightbox-slideshow=\"0f50e05\" data-elementor-lightbox-title=\"WhatsApp Image 2026-03-16 at 10.11.56 (1)\" data-e-action-hash=\"#elementor-action%3Aaction%3Dlightbox%26settings%3DeyJpZCI6MzAzLCJ1cmwiOiJodHRwczpcL1wvYmVuY29ncm91cC5jb20ucHlcL3dwLWNvbnRlbnRcL3VwbG9hZHNcLzIwMjZcLzA0XC9XaGF0c0FwcC1JbWFnZS0yMDI2LTAzLTE2LWF0LTEwLjExLjU2LTEuanBlZyIsInNsaWRlc2hvdyI6IjBmNTBlMDUifQ%3D%3D\" href='https:\/\/bencogroup.com.py\/wp-content\/uploads\/2026\/04\/WhatsApp-Image-2026-03-16-at-10.11.56-1.jpeg'><img decoding=\"async\" width=\"150\" height=\"150\" src=\"https:\/\/bencogroup.com.py\/wp-content\/uploads\/2026\/04\/WhatsApp-Image-2026-03-16-at-10.11.56-1-150x150.jpeg\" class=\"attachment-thumbnail size-thumbnail\" alt=\"\" srcset=\"https:\/\/bencogroup.com.py\/wp-content\/uploads\/2026\/04\/WhatsApp-Image-2026-03-16-at-10.11.56-1-150x150.jpeg 150w, https:\/\/bencogroup.com.py\/wp-content\/uploads\/2026\/04\/WhatsApp-Image-2026-03-16-at-10.11.56-1-300x300.jpeg 300w, https:\/\/bencogroup.com.py\/wp-content\/uploads\/2026\/04\/WhatsApp-Image-2026-03-16-at-10.11.56-1-100x100.jpeg 100w\" sizes=\"(max-width: 150px) 100vw, 150px\" \/><\/a>\n\t\t\t<\/div><\/figure><figure class='gallery-item'>\n\t\t\t<div class='gallery-icon portrait'>\n\t\t\t\t<a data-elementor-open-lightbox=\"yes\" data-elementor-lightbox-slideshow=\"0f50e05\" data-elementor-lightbox-title=\"WhatsApp Image 2026-03-16 at 10.11.56\" data-e-action-hash=\"#elementor-action%3Aaction%3Dlightbox%26settings%3DeyJpZCI6MzA0LCJ1cmwiOiJodHRwczpcL1wvYmVuY29ncm91cC5jb20ucHlcL3dwLWNvbnRlbnRcL3VwbG9hZHNcLzIwMjZcLzA0XC9XaGF0c0FwcC1JbWFnZS0yMDI2LTAzLTE2LWF0LTEwLjExLjU2LmpwZWciLCJzbGlkZXNob3ciOiIwZjUwZTA1In0%3D\" href='https:\/\/bencogroup.com.py\/wp-content\/uploads\/2026\/04\/WhatsApp-Image-2026-03-16-at-10.11.56.jpeg'><img loading=\"lazy\" decoding=\"async\" width=\"150\" height=\"150\" src=\"https:\/\/bencogroup.com.py\/wp-content\/uploads\/2026\/04\/WhatsApp-Image-2026-03-16-at-10.11.56-150x150.jpeg\" class=\"attachment-thumbnail size-thumbnail\" alt=\"\" srcset=\"https:\/\/bencogroup.com.py\/wp-content\/uploads\/2026\/04\/WhatsApp-Image-2026-03-16-at-10.11.56-150x150.jpeg 150w, https:\/\/bencogroup.com.py\/wp-content\/uploads\/2026\/04\/WhatsApp-Image-2026-03-16-at-10.11.56-300x300.jpeg 300w, https:\/\/bencogroup.com.py\/wp-content\/uploads\/2026\/04\/WhatsApp-Image-2026-03-16-at-10.11.56-100x100.jpeg 100w\" sizes=\"(max-width: 150px) 100vw, 150px\" \/><\/a>\n\t\t\t<\/div><\/figure><figure class='gallery-item'>\n\t\t\t<div class='gallery-icon portrait'>\n\t\t\t\t<a data-elementor-open-lightbox=\"yes\" data-elementor-lightbox-slideshow=\"0f50e05\" data-elementor-lightbox-title=\"PHOTO-2025-12-17-17-03-20 4\" data-e-action-hash=\"#elementor-action%3Aaction%3Dlightbox%26settings%3DeyJpZCI6MjIsInVybCI6Imh0dHBzOlwvXC9iZW5jb2dyb3VwLmNvbS5weVwvd3AtY29udGVudFwvdXBsb2Fkc1wvMjAyNVwvMTJcL1BIT1RPLTIwMjUtMTItMTctMTctMDMtMjAtNC5qcGciLCJzbGlkZXNob3ciOiIwZjUwZTA1In0%3D\" href='https:\/\/bencogroup.com.py\/wp-content\/uploads\/2025\/12\/PHOTO-2025-12-17-17-03-20-4.jpg'><img loading=\"lazy\" decoding=\"async\" width=\"150\" height=\"150\" src=\"https:\/\/bencogroup.com.py\/wp-content\/uploads\/2025\/12\/PHOTO-2025-12-17-17-03-20-4-150x150.jpg\" class=\"attachment-thumbnail size-thumbnail\" alt=\"\" srcset=\"https:\/\/bencogroup.com.py\/wp-content\/uploads\/2025\/12\/PHOTO-2025-12-17-17-03-20-4-150x150.jpg 150w, https:\/\/bencogroup.com.py\/wp-content\/uploads\/2025\/12\/PHOTO-2025-12-17-17-03-20-4-300x300.jpg 300w, https:\/\/bencogroup.com.py\/wp-content\/uploads\/2025\/12\/PHOTO-2025-12-17-17-03-20-4-100x100.jpg 100w\" sizes=\"(max-width: 150px) 100vw, 150px\" \/><\/a>\n\t\t\t<\/div><\/figure><figure class='gallery-item'>\n\t\t\t<div class='gallery-icon landscape'>\n\t\t\t\t<a data-elementor-open-lightbox=\"yes\" data-elementor-lightbox-slideshow=\"0f50e05\" data-elementor-lightbox-title=\"PHOTO-2025-12-17-17-03-21 4\" data-e-action-hash=\"#elementor-action%3Aaction%3Dlightbox%26settings%3DeyJpZCI6NDMsInVybCI6Imh0dHBzOlwvXC9iZW5jb2dyb3VwLmNvbS5weVwvd3AtY29udGVudFwvdXBsb2Fkc1wvMjAyNVwvMTJcL1BIT1RPLTIwMjUtMTItMTctMTctMDMtMjEtNC5qcGciLCJzbGlkZXNob3ciOiIwZjUwZTA1In0%3D\" href='https:\/\/bencogroup.com.py\/wp-content\/uploads\/2025\/12\/PHOTO-2025-12-17-17-03-21-4.jpg'><img loading=\"lazy\" decoding=\"async\" width=\"150\" height=\"150\" src=\"https:\/\/bencogroup.com.py\/wp-content\/uploads\/2025\/12\/PHOTO-2025-12-17-17-03-21-4-150x150.jpg\" class=\"attachment-thumbnail size-thumbnail\" alt=\"\" srcset=\"https:\/\/bencogroup.com.py\/wp-content\/uploads\/2025\/12\/PHOTO-2025-12-17-17-03-21-4-150x150.jpg 150w, https:\/\/bencogroup.com.py\/wp-content\/uploads\/2025\/12\/PHOTO-2025-12-17-17-03-21-4-300x300.jpg 300w, https:\/\/bencogroup.com.py\/wp-content\/uploads\/2025\/12\/PHOTO-2025-12-17-17-03-21-4-100x100.jpg 100w\" sizes=\"(max-width: 150px) 100vw, 150px\" \/><\/a>\n\t\t\t<\/div><\/figure><figure class='gallery-item'>\n\t\t\t<div class='gallery-icon landscape'>\n\t\t\t\t<a data-elementor-open-lightbox=\"yes\" data-elementor-lightbox-slideshow=\"0f50e05\" data-elementor-lightbox-title=\"PHOTO-2025-12-17-17-03-20 2\" data-e-action-hash=\"#elementor-action%3Aaction%3Dlightbox%26settings%3DeyJpZCI6MTksInVybCI6Imh0dHBzOlwvXC9iZW5jb2dyb3VwLmNvbS5weVwvd3AtY29udGVudFwvdXBsb2Fkc1wvMjAyNVwvMTJcL1BIT1RPLTIwMjUtMTItMTctMTctMDMtMjAtMi5qcGciLCJzbGlkZXNob3ciOiIwZjUwZTA1In0%3D\" href='https:\/\/bencogroup.com.py\/wp-content\/uploads\/2025\/12\/PHOTO-2025-12-17-17-03-20-2.jpg'><img loading=\"lazy\" decoding=\"async\" width=\"150\" height=\"150\" src=\"https:\/\/bencogroup.com.py\/wp-content\/uploads\/2025\/12\/PHOTO-2025-12-17-17-03-20-2-150x150.jpg\" class=\"attachment-thumbnail size-thumbnail\" alt=\"\" srcset=\"https:\/\/bencogroup.com.py\/wp-content\/uploads\/2025\/12\/PHOTO-2025-12-17-17-03-20-2-150x150.jpg 150w, https:\/\/bencogroup.com.py\/wp-content\/uploads\/2025\/12\/PHOTO-2025-12-17-17-03-20-2-300x300.jpg 300w, https:\/\/bencogroup.com.py\/wp-content\/uploads\/2025\/12\/PHOTO-2025-12-17-17-03-20-2-100x100.jpg 100w\" sizes=\"(max-width: 150px) 100vw, 150px\" \/><\/a>\n\t\t\t<\/div><\/figure><figure class='gallery-item'>\n\t\t\t<div class='gallery-icon portrait'>\n\t\t\t\t<a data-elementor-open-lightbox=\"yes\" data-elementor-lightbox-slideshow=\"0f50e05\" data-elementor-lightbox-title=\"PHOTO-2025-12-17-17-03-21 2\" data-e-action-hash=\"#elementor-action%3Aaction%3Dlightbox%26settings%3DeyJpZCI6MjAsInVybCI6Imh0dHBzOlwvXC9iZW5jb2dyb3VwLmNvbS5weVwvd3AtY29udGVudFwvdXBsb2Fkc1wvMjAyNVwvMTJcL1BIT1RPLTIwMjUtMTItMTctMTctMDMtMjEtMi5qcGciLCJzbGlkZXNob3ciOiIwZjUwZTA1In0%3D\" href='https:\/\/bencogroup.com.py\/wp-content\/uploads\/2025\/12\/PHOTO-2025-12-17-17-03-21-2.jpg'><img loading=\"lazy\" decoding=\"async\" width=\"150\" height=\"150\" src=\"https:\/\/bencogroup.com.py\/wp-content\/uploads\/2025\/12\/PHOTO-2025-12-17-17-03-21-2-150x150.jpg\" class=\"attachment-thumbnail size-thumbnail\" alt=\"\" srcset=\"https:\/\/bencogroup.com.py\/wp-content\/uploads\/2025\/12\/PHOTO-2025-12-17-17-03-21-2-150x150.jpg 150w, https:\/\/bencogroup.com.py\/wp-content\/uploads\/2025\/12\/PHOTO-2025-12-17-17-03-21-2-300x300.jpg 300w, https:\/\/bencogroup.com.py\/wp-content\/uploads\/2025\/12\/PHOTO-2025-12-17-17-03-21-2-100x100.jpg 100w\" sizes=\"(max-width: 150px) 100vw, 150px\" \/><\/a>\n\t\t\t<\/div><\/figure>\n\t\t<\/div>\n\t\t<\/div>\n\t\t\t\t\t\t<\/div>\n\t\t\t\t\t<\/div>\n\t\t<\/div>\n\t\t\t\t\t<\/div>\n\t\t<\/section>\n\t\t<div class=\"elementor-element elementor-element-417baed e-flex e-con-boxed e-con e-parent\" data-id=\"417baed\" data-element_type=\"container\" data-e-type=\"container\">\n\t\t\t\t\t<div class=\"e-con-inner\">\n\t\t\t\t<div class=\"elementor-element elementor-element-c7ca762 elementor-widget elementor-widget-image-carousel\" data-id=\"c7ca762\" data-element_type=\"widget\" data-e-type=\"widget\" data-settings=\"{&quot;navigation&quot;:&quot;none&quot;,&quot;autoplay_speed&quot;:1,&quot;speed&quot;:5000,&quot;image_spacing_custom&quot;:{&quot;unit&quot;:&quot;px&quot;,&quot;size&quot;:0,&quot;sizes&quot;:[]},&quot;slides_to_scroll&quot;:&quot;6&quot;,&quot;autoplay&quot;:&quot;yes&quot;,&quot;infinite&quot;:&quot;yes&quot;,&quot;image_spacing_custom_tablet&quot;:{&quot;unit&quot;:&quot;px&quot;,&quot;size&quot;:&quot;&quot;,&quot;sizes&quot;:[]},&quot;image_spacing_custom_mobile&quot;:{&quot;unit&quot;:&quot;px&quot;,&quot;size&quot;:&quot;&quot;,&quot;sizes&quot;:[]}}\" data-widget_type=\"image-carousel.default\">\n\t\t\t\t\t\t\t<div class=\"elementor-image-carousel-wrapper swiper\" role=\"region\" aria-roledescription=\"carousel\" aria-label=\"Carrusel de im\u00e1genes\" dir=\"ltr\">\n\t\t\t<div class=\"elementor-image-carousel swiper-wrapper\" aria-live=\"off\">\n\t\t\t\t\t\t\t\t<div class=\"swiper-slide\" role=\"group\" aria-roledescription=\"slide\" aria-label=\"1 de 4\"><figure class=\"swiper-slide-inner\"><img decoding=\"async\" class=\"swiper-slide-image\" src=\"https:\/\/bencogroup.com.py\/wp-content\/uploads\/elementor\/thumbs\/logo_1_150-rlo3mzyptrsc7zpecrmycf93yahjh5b286zz3n2gfk.png\" alt=\"logo_1_150\" \/><\/figure><\/div><div class=\"swiper-slide\" role=\"group\" aria-roledescription=\"slide\" aria-label=\"2 de 4\"><figure class=\"swiper-slide-inner\"><img decoding=\"async\" class=\"swiper-slide-image\" src=\"https:\/\/bencogroup.com.py\/wp-content\/uploads\/elementor\/thumbs\/logo_2_150-rlo3n3q2l3xhifjxqt9gmeaybtz0bxpzkplx0qwvqo.png\" alt=\"logo_2_150\" \/><\/figure><\/div><div class=\"swiper-slide\" role=\"group\" aria-roledescription=\"slide\" aria-label=\"3 de 4\"><figure class=\"swiper-slide-inner\"><img decoding=\"async\" class=\"swiper-slide-image\" src=\"https:\/\/bencogroup.com.py\/wp-content\/uploads\/elementor\/thumbs\/logo_3_150-rlo3n5lqys025nh7fu2prdtvilpqrbxg8ywvzau3e8.png\" alt=\"logo_3_150\" \/><\/figure><\/div><div class=\"swiper-slide\" role=\"group\" aria-roledescription=\"slide\" aria-label=\"4 de 4\"><figure class=\"swiper-slide-inner\"><img decoding=\"async\" class=\"swiper-slide-image\" src=\"https:\/\/bencogroup.com.py\/wp-content\/uploads\/elementor\/thumbs\/herrajes_256x256_multiline-rlyl3xvr400vuv0bh5uvvsupnmbk1lgrj7ojy4lwa8.png\" alt=\"herrajes_256x256_multiline\" \/><\/figure><\/div>\t\t\t<\/div>\n\t\t\t\t\t\t\t\n\t\t\t\t\t\t\t\t\t<\/div>\n\t\t\t\t\t\t<\/div>\n\t\t\t\t\t<\/div>\n\t\t\t\t<\/div>\n\t\t\t\t<\/div>\n\t\t","protected":false},"excerpt":{"rendered":"<p>En Benco Group S.R.L., nacimos con el objetivo de ofrecer soluciones confiables y de alta calidad en el sector del vidrio templado. Desde nuestros inicios, hemos apostado por la mejora continua, la incorporaci\u00f3n de tecnolog\u00eda y el desarrollo de un equipo comprometido con la excelencia. Como grupo, integramos nuestras capacidades a trav\u00e9s de Lobo Glass, [&hellip;]<\/p>\n","protected":false},"author":1,"featured_media":0,"parent":0,"menu_order":0,"comment_status":"closed","ping_status":"closed","template":"","meta":{"_acf_changed":false,"_eb_attr":"","footnotes":""},"class_list":["post-229","page","type-page","status-publish","hentry"],"acf":[],"jetpack_sharing_enabled":true,"_links":{"self":[{"href":"https:\/\/bencogroup.com.py\/index.php\/wp-json\/wp\/v2\/pages\/229","targetHints":{"allow":["GET"]}}],"collection":[{"href":"https:\/\/bencogroup.com.py\/index.php\/wp-json\/wp\/v2\/pages"}],"about":[{"href":"https:\/\/bencogroup.com.py\/index.php\/wp-json\/wp\/v2\/types\/page"}],"author":[{"embeddable":true,"href":"https:\/\/bencogroup.com.py\/index.php\/wp-json\/wp\/v2\/users\/1"}],"replies":[{"embeddable":true,"href":"https:\/\/bencogroup.com.py\/index.php\/wp-json\/wp\/v2\/comments?post=229"}],"version-history":[{"count":54,"href":"https:\/\/bencogroup.com.py\/index.php\/wp-json\/wp\/v2\/pages\/229\/revisions"}],"predecessor-version":[{"id":576,"href":"https:\/\/bencogroup.com.py\/index.php\/wp-json\/wp\/v2\/pages\/229\/revisions\/576"}],"wp:attachment":[{"href":"https:\/\/bencogroup.com.py\/index.php\/wp-json\/wp\/v2\/media?parent=229"}],"curies":[{"name":"wp","href":"https:\/\/api.w.org\/{rel}","templated":true}]}}